{"id":1199,"date":"2022-03-15T02:02:12","date_gmt":"2022-03-15T02:02:12","guid":{"rendered":"http:\/\/localhost:8888\/wordpress\/?page_id=1199"},"modified":"2023-07-10T03:41:18","modified_gmt":"2023-07-10T01:41:18","slug":"impressum","status":"publish","type":"page","link":"https:\/\/hausaerzte-sheridan.de\/?page_id=1199","title":{"rendered":"Impressum"},"content":{"rendered":"\n<div style=\"height:100px\" aria-hidden=\"true\" class=\"wp-block-spacer\"><\/div>\n\n\n\n<h1 class=\"wp-block-heading\" class=\"wp-block-heading\" id=\"impressum-hausaerzte-im-sheridan\">Impressum \u2013 Haus\u00e4rzte im Sheridan<\/h1>\n\n\n\n<h3 class=\"wp-block-heading\" class=\"wp-block-heading\" id=\"hausaerzte-im-sheridan\">Haus\u00e4rzte im Sheridan<\/h3>\n\n\n\n<p>Max-Josef-Metzgerstr. 3a<br>86157 Augsburg<\/p>\n\n\n\n<p>Telefon: 0821 207 1010-0 Telefax: 0821 207 1010-1<\/p>\n\n\n\n<p>E-Mail: praxis@hausaerzte-sheridan.de<\/p>\n\n\n\n<h3 class=\"wp-block-heading\" class=\"wp-block-heading\" id=\"gesetzliche-berufsbezeichnung\">Gesetzliche Berufsbezeichnung:<\/h3>\n\n\n\n<p>Dr. med. Tobias Segmiller<\/p>\n\n\n\n<ul class=\"wp-block-list\">\n<li>Arzt, verliehen in der Bundesrepublik Deutschland<\/li>\n\n\n\n<li>Facharzt f\u00fcr Innere Medizin, Gastroenterologie, Diabetologie, Notfallmedizin<\/li>\n<\/ul>\n\n\n\n<p>Dr. med. Raimar Lorrmann<\/p>\n\n\n\n<ul class=\"wp-block-list\">\n<li>Arzt, verliehen in der Bundesrepublik Deutschland<\/li>\n\n\n\n<li>Facharzt f\u00fcr An\u00e4sthesie, Intensivmedizin, Notfallmedizin<\/li>\n<\/ul>\n\n\n\n<h3 class=\"wp-block-heading\" class=\"wp-block-heading\" id=\"zustaendige-landesaerztekammer\">Zust\u00e4ndige Landes\u00e4rztekammer:<\/h3>\n\n\n\n<p>Bayerische Landes\u00e4rztekammer<br>M\u00fchlbaurstra\u00dfe 16<br>81677 M\u00fcnchen<\/p>\n\n\n\n<h3 class=\"wp-block-heading\" class=\"wp-block-heading\" id=\"zustaendige-approbationsbehoerde\">Zust\u00e4ndige Approbationsbeh\u00f6rde:<\/h3>\n\n\n\n<p>Regierung von Oberbayern<br>Maximilianstra\u00dfe 39<br>80538 M\u00fcnchen<\/p>\n\n\n\n<h3 class=\"wp-block-heading\" class=\"wp-block-heading\" id=\"berufsrechtliche-regelungen\">Berufsrechtliche Regelungen:<\/h3>\n\n\n\n<p>Die berufsrechtlichen Regelungen sind bei der Bayerischen Landes\u00e4rztekammer einzusehen:\u00a0<a href=\"https:\/\/www.blaek.de\/kammerrecht\/berufsordnung-fuer-die-aerzte-bayerns\">https:\/\/www.blaek.de\/kammerrecht\/berufsordnung-fuer-die-aerzte-bayerns<\/a><\/p>\n\n\n\n<h3 class=\"wp-block-heading\" class=\"wp-block-heading\" id=\"haftungshinweis\">Haftungshinweis:<\/h3>\n\n\n\n<p>Wir bem\u00fchen uns die Aktualit\u00e4t und Richtigkeit der Informationen sicherzustellen. Eine Haftung f\u00fcr die dargestellten Inhalte kann nicht \u00fcbernommen werden. Dies gilt auch ausdr\u00fccklich f\u00fcr sog. Links anderer Anbieter, f\u00fcr deren Inhalte die Betreiber selbst verantwortlich sind.<\/p>\n\n\n\n<div style=\"height:100px\" aria-hidden=\"true\" class=\"wp-block-spacer\"><\/div>\n\n\n\n<div class=\"wp-block-columns is-layout-flex wp-container-core-columns-is-layout-9d6595d7 wp-block-columns-is-layout-flex\">\n<div class=\"wp-block-column is-layout-flow wp-block-column-is-layout-flow\">\n<div style=\"height:37px\" aria-hidden=\"true\" class=\"wp-block-spacer\"><\/div>\n\n\n\n<h4 class=\"wp-block-heading has-theme-palette-5-color has-text-color\" class=\"wp-block-heading has-theme-palette-5-color has-text-color\" id=\"adresse\">Adresse<\/h4>\n\n\n\n<p class=\"has-text-color\" style=\"color:#515050;font-size:12px\">Die Haus\u00e4rzte im Sheridan<br><a rel=\"noreferrer noopener\" href=\"https:\/\/goo.gl\/maps\/Tam7RdT7zc9HJWNY7\" target=\"_blank\">Max-Josef-Metzger-Str. 3a<\/a><br>86157 Augsburg<br>Deutschland<\/p>\n\n\n\n<p><\/p>\n<\/div>\n\n\n\n<div class=\"wp-block-column is-layout-flow wp-block-column-is-layout-flow\">\n<h4 class=\"wp-block-heading has-theme-palette-5-color has-text-color\" class=\"wp-block-heading has-theme-palette-5-color has-text-color\" id=\"kontakt\">Kontakt<\/h4>\n\n\n\n<p class=\"has-text-color\" style=\"color:#515050;font-size:12px;font-style:normal;font-weight:100\">Tel. 0821 &#8211; 207 10 100<br>Fax. 0821 &#8211; 207 10 110<br>Rezeptbestellung 0821-207 10 198 <br><a href=\"mailto:praxis@hausaerzte-sheridan.de\">E-Mail praxis@hausaerzte-sheridan.de<\/a><br><a href=\"http:\/\/www.hausaerzte-sheridan.de\" target=\"_blank\" rel=\"noreferrer noopener\">www.hausaerzte-sheridan.de<\/a><\/p>\n\n\n\n<div style=\"height:50px\" aria-hidden=\"true\" class=\"wp-block-spacer\"><\/div>\n<\/div>\n\n\n\n<div class=\"wp-block-column is-vertically-aligned-bottom is-layout-flow wp-block-column-is-layout-flow\">\n<p class=\"has-text-align-center\" style=\"font-size:12px\"><a href=\"https:\/\/hausaerzte-sheridan.de\/?page_id=1199\" data-type=\"page\" data-id=\"1199\">Impressum<\/a> | <a href=\"https:\/\/hausaerzte-sheridan.de\/?page_id=1201\" data-type=\"page\" data-id=\"1201\"> Datenschutz<\/a><\/p>\n<\/div>\n<\/div>\n\n\n\n<hr class=\"wp-block-separator has-text-color has-theme-palette-7-color has-css-opacity has-theme-palette-7-background-color has-background is-style-wide\"\/>\n\n\n\n<div class=\"wp-block-group\"><div class=\"wp-block-group__inner-container is-layout-flow wp-block-group-is-layout-flow\">\n<p class=\"has-text-align-left\" style=\"font-size:12px\">\u00a9 2024\u00a0<a href=\"https:\/\/hausaerzte-sheridan.de\/\" data-type=\"page\" data-id=\"1215\" target=\"_blank\" rel=\"noreferrer noopener\">Haus\u00e4rzte im Sheridan<\/a><\/p>\n<\/div><\/div>\n","protected":false},"excerpt":{"rendered":"<p>Impressum \u2013 Haus\u00e4rzte im Sheridan Haus\u00e4rzte im Sheridan Max-Josef-Metzgerstr. 3a86157 Augsburg Telefon: 0821 207 1010-0 Telefax: 0821 207 1010-1 E-Mail: praxis@hausaerzte-sheridan.de Gesetzliche Berufsbezeichnung: Dr. med. Tobias Segmiller Dr. med. Raimar Lorrmann Zust\u00e4ndige Landes\u00e4rztekammer: Bayerische Landes\u00e4rztekammerM\u00fchlbaurstra\u00dfe 1681677 M\u00fcnchen Zust\u00e4ndige Approbationsbeh\u00f6rde: Regierung von OberbayernMaximilianstra\u00dfe 3980538 M\u00fcnchen Berufsrechtliche Regelungen: Die berufsrechtlichen Regelungen sind bei der Bayerischen Landes\u00e4rztekammer einzusehen:\u00a0https:\/\/www.blaek.de\/kammerrecht\/berufsordnung-fuer-die-aerzte-bayerns&#8230;<\/p>\n","protected":false},"author":1,"featured_media":0,"parent":0,"menu_order":0,"comment_status":"closed","ping_status":"closed","template":"","meta":{"inline_featured_image":false,"_kadence_starter_templates_imported_post":false,"_kad_post_transparent":"","_kad_post_title":"hide","_kad_post_layout":"normal","_kad_post_sidebar_id":"","_kad_post_content_style":"unboxed","_kad_post_vertical_padding":"","_kad_post_feature":"","_kad_post_feature_position":"","_kad_post_header":false,"_kad_post_footer":false,"_kad_post_classname":"","footnotes":""},"class_list":["post-1199","page","type-page","status-publish","hentry"],"_links":{"self":[{"href":"https:\/\/hausaerzte-sheridan.de\/index.php?rest_route=\/wp\/v2\/pages\/1199","targetHints":{"allow":["GET"]}}],"collection":[{"href":"https:\/\/hausaerzte-sheridan.de\/index.php?rest_route=\/wp\/v2\/pages"}],"about":[{"href":"https:\/\/hausaerzte-sheridan.de\/index.php?rest_route=\/wp\/v2\/types\/page"}],"author":[{"embeddable":true,"href":"https:\/\/hausaerzte-sheridan.de\/index.php?rest_route=\/wp\/v2\/users\/1"}],"replies":[{"embeddable":true,"href":"https:\/\/hausaerzte-sheridan.de\/index.php?rest_route=%2Fwp%2Fv2%2Fcomments&post=1199"}],"version-history":[{"count":5,"href":"https:\/\/hausaerzte-sheridan.de\/index.php?rest_route=\/wp\/v2\/pages\/1199\/revisions"}],"predecessor-version":[{"id":1833,"href":"https:\/\/hausaerzte-sheridan.de\/index.php?rest_route=\/wp\/v2\/pages\/1199\/revisions\/1833"}],"wp:attachment":[{"href":"https:\/\/hausaerzte-sheridan.de\/index.php?rest_route=%2Fwp%2Fv2%2Fmedia&parent=1199"}],"curies":[{"name":"wp","href":"https:\/\/api.w.org\/{rel}","templated":true}]}}